{"id":1992,"date":"2020-09-09T03:06:01","date_gmt":"2020-09-09T03:06:01","guid":{"rendered":"https:\/\/ceramicafractales.com\/index.php\/barbers\/"},"modified":"2024-09-30T16:02:13","modified_gmt":"2024-09-30T19:02:13","slug":"talleres","status":"publish","type":"page","link":"https:\/\/ceramicafractales.com\/index.php\/talleres\/","title":{"rendered":"TALLERES"},"content":{"rendered":"\n<div class=\"wp-block-uagb-image uagb-block-f819aff7 wp-block-uagb-image--layout-default wp-block-uagb-image--effect-static wp-block-uagb-image--align-none\"><figure class=\"wp-block-uagb-image__figure\"><img decoding=\"async\" srcset=\"https:\/\/ceramicafractales.com\/wp-content\/uploads\/2024\/05\/diseno-web-fractales-12-1024x124.png \" sizes=\"auto, (max-width: 480px) 150px\" src=\"https:\/\/ceramicafractales.com\/wp-content\/uploads\/2024\/05\/diseno-web-fractales-12-1024x124.png\" alt=\"\" class=\"uag-image-2418\" width=\"1024\" height=\"124\" title=\"\" loading=\"lazy\"\/><\/figure><\/div>\n\n\n\n<div class=\"wp-block-uagb-container uagb-block-5fe90bfe alignfull uagb-is-root-container\"><div class=\"uagb-container-inner-blocks-wrap\">\n<section class=\"wp-block-uagb-columns uagb-columns__wrap uagb-columns__background-none uagb-columns__stack-mobile uagb-columns__valign- uagb-columns__gap-10 align uagb-block-4f9c2159 uagb-columns__columns-2 uagb-columns__max_width-theme\"><div class=\"uagb-columns__overlay\"><\/div><div class=\"uagb-columns__inner-wrap uagb-columns__columns-2\">\n<div class=\"wp-block-uagb-column uagb-column__wrap uagb-column__background-undefined uagb-block-e1e8356c\"><div class=\"uagb-column__overlay\"><\/div>\n<div class=\"wp-block-uagb-advanced-heading uagb-block-e17d1383\"><h2 class=\"uagb-heading-text\"><strong>TALLERES<\/strong><\/h2><\/div>\n\n\n\n<p class=\"has-ast-global-color-2-color has-text-color has-link-color wp-elements-94f3effd8280d4535d1f2eba2dbcc584\"><mark style=\"background-color:rgba(0, 0, 0, 0)\" class=\"has-inline-color has-ast-global-color-2-color\">Hace mucho tiempo nos dedicamos a la ense\u00f1anza de este maravilloso material que es la cer\u00e1mica y lo hacemos con mucho amor. Te esperamos para compartir lo fascinante de la creaci\u00f3n y transformaci\u00f3n de la materia<\/mark>.<\/p>\n<\/div>\n\n\n\n<div class=\"wp-block-uagb-column uagb-column__wrap uagb-column__background-undefined uagb-block-cf2cf8d9\"><div class=\"uagb-column__overlay\"><\/div><\/div>\n<\/div><\/section>\n<\/div><\/div>\n\n\n\n<div class=\"wp-block-uagb-container uagb-block-d8bfebfa alignfull uagb-is-root-container\"><div class=\"uagb-container-inner-blocks-wrap\">\n\t\t\t<div class=\"wp-block-uagb-post-grid uagb-post-grid  uagb-post__image-position-top uagb-post__image-enabled uagb-block-ea1ebfeb     uagb-post__items uagb-post__columns-2 is-grid uagb-post__columns-tablet-2 uagb-post__columns-mobile-1 uagb-post__equal-height\" data-total=\"1\" style=\"\">\n\n\t\t\t\t\t\t\t\t\t\t\t\t<article class=\"uagb-post__inner-wrap\">\t\t\t\t\t\t\t\t<div class='uagb-post__image'>\n\t\t\t\t\t\t\t\t\t<a href=\"https:\/\/ceramicafractales.com\/index.php\/2024\/09\/02\/alfareria\/\" target=\"_self\" rel=\"bookmark noopener noreferrer\" class='uagb-image-ratio-inherit'><img loading=\"lazy\" decoding=\"async\" width=\"1024\" height=\"447\" src=\"https:\/\/ceramicafractales.com\/wp-content\/uploads\/2024\/09\/portada_alfareria.png\" class=\"attachment-large size-large\" alt=\"\" srcset=\"https:\/\/ceramicafractales.com\/wp-content\/uploads\/2024\/09\/portada_alfareria.png 1024w, https:\/\/ceramicafractales.com\/wp-content\/uploads\/2024\/09\/portada_alfareria-300x131.png 300w, https:\/\/ceramicafractales.com\/wp-content\/uploads\/2024\/09\/portada_alfareria-768x335.png 768w, https:\/\/ceramicafractales.com\/wp-content\/uploads\/2024\/09\/portada_alfareria-600x262.png 600w\" sizes=\"auto, (max-width: 1024px) 100vw, 1024px\" \/>\t\t\t\t\t<\/a>\n\t\t\t\t\t\t\t<\/div>\n\t\t\t\t\t\t<h4 class=\"uagb-post__title uagb-post__text\">\n\t\t\t\t<a href=\"https:\/\/ceramicafractales.com\/index.php\/2024\/09\/02\/alfareria\/\" target=\"_self\" rel=\"bookmark noopener noreferrer\">Alfarer\u00eda<\/a>\n\t\t\t<\/h4>\n\t\t\t\t\t\t<div class='uagb-post__text uagb-post-grid-byline'>\n\t\t\t\t\t\t\t<\/div>\n\t\t\t\t\t\t\t<div class='uagb-post__text uagb-post__excerpt'>\n\t\t\t\t\t<p>Alfarer\u00eda Lunes o mi\u00e9rcoles de 18:00 a 20:00 hs Profesora: Ana Carolina Bravo El taller propone desarrollar y afianzar t\u00e9cnicas posturales para la elaboraci\u00f3n de&#8230;\t\t\t\t<\/div>\n\t\t\t\t\t\t<div class=\"uagb-post__text uagb-post__cta wp-block-button\">\n\t\t\t\t<a class=\"wp-block-button__link uagb-text-link\" href=\"https:\/\/ceramicafractales.com\/index.php\/2024\/09\/02\/alfareria\/\" target=\"_self\" rel=\"bookmark noopener noreferrer\">+ Info<\/a>\n\t\t\t<\/div>\n\t\t\t\t\t\t\t\t\t\t\t\t<\/article>\n\t\t\t\t\t\t\t\t\t\t\t\t\t\t\t\t<article class=\"uagb-post__inner-wrap\">\t\t\t\t\t\t\t\t<div class='uagb-post__image'>\n\t\t\t\t\t\t\t\t\t<a href=\"https:\/\/ceramicafractales.com\/index.php\/2024\/09\/16\/alfareria-y-modelado\/\" target=\"_self\" rel=\"bookmark noopener noreferrer\" class='uagb-image-ratio-inherit'><img loading=\"lazy\" decoding=\"async\" width=\"1024\" height=\"447\" src=\"https:\/\/ceramicafractales.com\/wp-content\/uploads\/2024\/09\/portada-1.png\" class=\"attachment-large size-large\" alt=\"\" srcset=\"https:\/\/ceramicafractales.com\/wp-content\/uploads\/2024\/09\/portada-1.png 1024w, https:\/\/ceramicafractales.com\/wp-content\/uploads\/2024\/09\/portada-1-300x131.png 300w, https:\/\/ceramicafractales.com\/wp-content\/uploads\/2024\/09\/portada-1-768x335.png 768w, https:\/\/ceramicafractales.com\/wp-content\/uploads\/2024\/09\/portada-1-600x262.png 600w\" sizes=\"auto, (max-width: 1024px) 100vw, 1024px\" \/>\t\t\t\t\t<\/a>\n\t\t\t\t\t\t\t<\/div>\n\t\t\t\t\t\t<h4 class=\"uagb-post__title uagb-post__text\">\n\t\t\t\t<a href=\"https:\/\/ceramicafractales.com\/index.php\/2024\/09\/16\/alfareria-y-modelado\/\" target=\"_self\" rel=\"bookmark noopener noreferrer\">Alfarer\u00eda y modelado<\/a>\n\t\t\t<\/h4>\n\t\t\t\t\t\t<div class='uagb-post__text uagb-post-grid-byline'>\n\t\t\t\t\t\t\t<\/div>\n\t\t\t\t\t\t\t<div class='uagb-post__text uagb-post__excerpt'>\n\t\t\t\t\t<p>Alfarer\u00eda y modelado Profesora: D\u00e9bora C\u00e1ceres Mi\u00e9rcoles de 15:30hs a 17:30hs Durante el a\u00f1o explorar\u00e1n diferentes t\u00e9cnicas de alfarer\u00eda, modelado manual y de tratamientos de&#8230;\t\t\t\t<\/div>\n\t\t\t\t\t\t<div class=\"uagb-post__text uagb-post__cta wp-block-button\">\n\t\t\t\t<a class=\"wp-block-button__link uagb-text-link\" href=\"https:\/\/ceramicafractales.com\/index.php\/2024\/09\/16\/alfareria-y-modelado\/\" target=\"_self\" rel=\"bookmark noopener noreferrer\">+ Info<\/a>\n\t\t\t<\/div>\n\t\t\t\t\t\t\t\t\t\t\t\t<\/article>\n\t\t\t\t\t\t\t\t\t\t\t\t\t\t\t\t<article class=\"uagb-post__inner-wrap\">\t\t\t\t\t\t\t\t<div class='uagb-post__image'>\n\t\t\t\t\t\t\t\t\t<a href=\"https:\/\/ceramicafractales.com\/index.php\/2024\/09\/16\/alfareria-y-modelado-en-gres\/\" target=\"_self\" rel=\"bookmark noopener noreferrer\" class='uagb-image-ratio-inherit'><img loading=\"lazy\" decoding=\"async\" width=\"1024\" height=\"447\" src=\"https:\/\/ceramicafractales.com\/wp-content\/uploads\/2024\/09\/portada-2.png\" class=\"attachment-large size-large\" alt=\"\" srcset=\"https:\/\/ceramicafractales.com\/wp-content\/uploads\/2024\/09\/portada-2.png 1024w, https:\/\/ceramicafractales.com\/wp-content\/uploads\/2024\/09\/portada-2-300x131.png 300w, https:\/\/ceramicafractales.com\/wp-content\/uploads\/2024\/09\/portada-2-768x335.png 768w, https:\/\/ceramicafractales.com\/wp-content\/uploads\/2024\/09\/portada-2-600x262.png 600w\" sizes=\"auto, (max-width: 1024px) 100vw, 1024px\" \/>\t\t\t\t\t<\/a>\n\t\t\t\t\t\t\t<\/div>\n\t\t\t\t\t\t<h4 class=\"uagb-post__title uagb-post__text\">\n\t\t\t\t<a href=\"https:\/\/ceramicafractales.com\/index.php\/2024\/09\/16\/alfareria-y-modelado-en-gres\/\" target=\"_self\" rel=\"bookmark noopener noreferrer\">Alfarer\u00eda y modelado en gres<\/a>\n\t\t\t<\/h4>\n\t\t\t\t\t\t<div class='uagb-post__text uagb-post-grid-byline'>\n\t\t\t\t\t\t\t<\/div>\n\t\t\t\t\t\t\t<div class='uagb-post__text uagb-post__excerpt'>\n\t\t\t\t\t<p>Alfarer\u00eda y modelado en gres Profesora: Gabriela Partenzi Jueves de 18 a 20hs El taller ofrece un espacio para la producci\u00f3n creativa a partir de&#8230;\t\t\t\t<\/div>\n\t\t\t\t\t\t<div class=\"uagb-post__text uagb-post__cta wp-block-button\">\n\t\t\t\t<a class=\"wp-block-button__link uagb-text-link\" href=\"https:\/\/ceramicafractales.com\/index.php\/2024\/09\/16\/alfareria-y-modelado-en-gres\/\" target=\"_self\" rel=\"bookmark noopener noreferrer\">+ Info<\/a>\n\t\t\t<\/div>\n\t\t\t\t\t\t\t\t\t\t\t\t<\/article>\n\t\t\t\t\t\t\t\t\t\t\t\t\t\t\t\t<article class=\"uagb-post__inner-wrap\">\t\t\t\t\t\t\t\t<div class='uagb-post__image'>\n\t\t\t\t\t\t\t\t\t<a href=\"https:\/\/ceramicafractales.com\/index.php\/2024\/09\/16\/ceramica-para-adolescentes\/\" target=\"_self\" rel=\"bookmark noopener noreferrer\" class='uagb-image-ratio-inherit'><img loading=\"lazy\" decoding=\"async\" width=\"1024\" height=\"447\" src=\"https:\/\/ceramicafractales.com\/wp-content\/uploads\/2024\/09\/WhatsApp-Image-2024-10-01-at-9.56.22-AM-1.png\" class=\"attachment-large size-large\" alt=\"\" srcset=\"https:\/\/ceramicafractales.com\/wp-content\/uploads\/2024\/09\/WhatsApp-Image-2024-10-01-at-9.56.22-AM-1.png 1024w, https:\/\/ceramicafractales.com\/wp-content\/uploads\/2024\/09\/WhatsApp-Image-2024-10-01-at-9.56.22-AM-1-300x131.png 300w, https:\/\/ceramicafractales.com\/wp-content\/uploads\/2024\/09\/WhatsApp-Image-2024-10-01-at-9.56.22-AM-1-768x335.png 768w, https:\/\/ceramicafractales.com\/wp-content\/uploads\/2024\/09\/WhatsApp-Image-2024-10-01-at-9.56.22-AM-1-600x262.png 600w\" sizes=\"auto, (max-width: 1024px) 100vw, 1024px\" \/>\t\t\t\t\t<\/a>\n\t\t\t\t\t\t\t<\/div>\n\t\t\t\t\t\t<h4 class=\"uagb-post__title uagb-post__text\">\n\t\t\t\t<a href=\"https:\/\/ceramicafractales.com\/index.php\/2024\/09\/16\/ceramica-para-adolescentes\/\" target=\"_self\" rel=\"bookmark noopener noreferrer\">Cer\u00e1mica para adolescentes<\/a>\n\t\t\t<\/h4>\n\t\t\t\t\t\t<div class='uagb-post__text uagb-post-grid-byline'>\n\t\t\t\t\t\t\t<\/div>\n\t\t\t\t\t\t\t<div class='uagb-post__text uagb-post__excerpt'>\n\t\t\t\t\t<p>Cer\u00e1mica para adolescentes Profesora: Anabela Dacuy Martes de 17 a 19 hs Este taller est\u00e1 pensado para j\u00f3venes que comienzan o transitan una b\u00fasqueda art\u00edstica&#8230;.\t\t\t\t<\/div>\n\t\t\t\t\t\t<div class=\"uagb-post__text uagb-post__cta wp-block-button\">\n\t\t\t\t<a class=\"wp-block-button__link uagb-text-link\" href=\"https:\/\/ceramicafractales.com\/index.php\/2024\/09\/16\/ceramica-para-adolescentes\/\" target=\"_self\" rel=\"bookmark noopener noreferrer\">+ Info<\/a>\n\t\t\t<\/div>\n\t\t\t\t\t\t\t\t\t\t\t\t<\/article>\n\t\t\t\t\t\t\t\t\t\t\t\t\t\t\t\t<article class=\"uagb-post__inner-wrap\">\t\t\t\t\t\t\t\t<div class='uagb-post__image'>\n\t\t\t\t\t\t\t\t\t<a href=\"https:\/\/ceramicafractales.com\/index.php\/2024\/09\/02\/ceramica-para-infancias\/\" target=\"_self\" rel=\"bookmark noopener noreferrer\" class='uagb-image-ratio-inherit'><img loading=\"lazy\" decoding=\"async\" width=\"1024\" height=\"447\" src=\"https:\/\/ceramicafractales.com\/wp-content\/uploads\/2024\/09\/0a54a700-afaa-4d9e-bb02-b01161d7c7bf.png\" class=\"attachment-large size-large\" alt=\"\" srcset=\"https:\/\/ceramicafractales.com\/wp-content\/uploads\/2024\/09\/0a54a700-afaa-4d9e-bb02-b01161d7c7bf.png 1024w, https:\/\/ceramicafractales.com\/wp-content\/uploads\/2024\/09\/0a54a700-afaa-4d9e-bb02-b01161d7c7bf-300x131.png 300w, https:\/\/ceramicafractales.com\/wp-content\/uploads\/2024\/09\/0a54a700-afaa-4d9e-bb02-b01161d7c7bf-768x335.png 768w, https:\/\/ceramicafractales.com\/wp-content\/uploads\/2024\/09\/0a54a700-afaa-4d9e-bb02-b01161d7c7bf-600x262.png 600w\" sizes=\"auto, (max-width: 1024px) 100vw, 1024px\" \/>\t\t\t\t\t<\/a>\n\t\t\t\t\t\t\t<\/div>\n\t\t\t\t\t\t<h4 class=\"uagb-post__title uagb-post__text\">\n\t\t\t\t<a href=\"https:\/\/ceramicafractales.com\/index.php\/2024\/09\/02\/ceramica-para-infancias\/\" target=\"_self\" rel=\"bookmark noopener noreferrer\">Cer\u00e1mica para las infancias<\/a>\n\t\t\t<\/h4>\n\t\t\t\t\t\t<div class='uagb-post__text uagb-post-grid-byline'>\n\t\t\t\t\t\t\t<\/div>\n\t\t\t\t\t\t\t<div class='uagb-post__text uagb-post__excerpt'>\n\t\t\t\t\t<p>Cer\u00e1mica para infancias Profesora: D\u00e9bora C\u00e1ceres Martes de 18 a 19:30 hs La propuesta est\u00e1 destinada a infantes de entre 5 y 10 a\u00f1os con&#8230;\t\t\t\t<\/div>\n\t\t\t\t\t\t<div class=\"uagb-post__text uagb-post__cta wp-block-button\">\n\t\t\t\t<a class=\"wp-block-button__link uagb-text-link\" href=\"https:\/\/ceramicafractales.com\/index.php\/2024\/09\/02\/ceramica-para-infancias\/\" target=\"_self\" rel=\"bookmark noopener noreferrer\">+ Info<\/a>\n\t\t\t<\/div>\n\t\t\t\t\t\t\t\t\t\t\t\t<\/article>\n\t\t\t\t\t\t\t\t\t\t\t\t\t\t\t\t<article class=\"uagb-post__inner-wrap\">\t\t\t\t\t\t\t\t<div class='uagb-post__image'>\n\t\t\t\t\t\t\t\t\t<a href=\"https:\/\/ceramicafractales.com\/index.php\/2024\/09\/02\/modelado\/\" target=\"_self\" rel=\"bookmark noopener noreferrer\" class='uagb-image-ratio-inherit'><img loading=\"lazy\" decoding=\"async\" width=\"1024\" height=\"447\" src=\"https:\/\/ceramicafractales.com\/wp-content\/uploads\/2024\/09\/portada_modelado.png\" class=\"attachment-large size-large\" alt=\"\" srcset=\"https:\/\/ceramicafractales.com\/wp-content\/uploads\/2024\/09\/portada_modelado.png 1024w, https:\/\/ceramicafractales.com\/wp-content\/uploads\/2024\/09\/portada_modelado-300x131.png 300w, https:\/\/ceramicafractales.com\/wp-content\/uploads\/2024\/09\/portada_modelado-768x335.png 768w, https:\/\/ceramicafractales.com\/wp-content\/uploads\/2024\/09\/portada_modelado-600x262.png 600w\" sizes=\"auto, (max-width: 1024px) 100vw, 1024px\" \/>\t\t\t\t\t<\/a>\n\t\t\t\t\t\t\t<\/div>\n\t\t\t\t\t\t<h4 class=\"uagb-post__title uagb-post__text\">\n\t\t\t\t<a href=\"https:\/\/ceramicafractales.com\/index.php\/2024\/09\/02\/modelado\/\" target=\"_self\" rel=\"bookmark noopener noreferrer\">Modelado<\/a>\n\t\t\t<\/h4>\n\t\t\t\t\t\t<div class='uagb-post__text uagb-post-grid-byline'>\n\t\t\t\t\t\t\t<\/div>\n\t\t\t\t\t\t\t<div class='uagb-post__text uagb-post__excerpt'>\n\t\t\t\t\t<p>Modelado Facilitadora: Mariana Rusconi Jueves de 18 a 20 hs El taller anual se propone como un espacio de encuentro y exploraci\u00f3n con el barro&#8230;.\t\t\t\t<\/div>\n\t\t\t\t\t\t<div class=\"uagb-post__text uagb-post__cta wp-block-button\">\n\t\t\t\t<a class=\"wp-block-button__link uagb-text-link\" href=\"https:\/\/ceramicafractales.com\/index.php\/2024\/09\/02\/modelado\/\" target=\"_self\" rel=\"bookmark noopener noreferrer\">+ Info<\/a>\n\t\t\t<\/div>\n\t\t\t\t\t\t\t\t\t\t\t\t<\/article>\n\t\t\t\t\t\t\t\t\t\t\t<\/div>\n\t\t\t\n\n\n<div style=\"height:20px\" aria-hidden=\"true\" class=\"wp-block-spacer\"><\/div>\n\n\n\n<section class=\"wp-block-uagb-columns uagb-columns__wrap uagb-columns__background-color uagb-columns__stack-mobile uagb-columns__valign- uagb-columns__gap-10 align uagb-block-df3d1e77 uagb-columns__columns-2 uagb-columns__max_width-theme\"><div class=\"uagb-columns__overlay\"><\/div><div class=\"uagb-columns__inner-wrap uagb-columns__columns-2\">\n<div class=\"wp-block-uagb-column uagb-column__wrap uagb-column__background-undefined uagb-block-b7934077\"><div class=\"uagb-column__overlay\"><\/div>\n<div class=\"wp-block-uagb-info-box uagb-block-71d54e65 uagb-infobox__content-wrap  uagb-infobox-icon-above-title uagb-infobox-image-valign-top\"><div class=\"uagb-ifb-content\"><div class=\"uagb-ifb-title-wrap\"><h4 class=\"uagb-ifb-title\"><strong><strong>QUER\u00c9S SUMARTE A NUESTRAS CLASES?<\/strong><\/strong><br><\/h4><\/div><p class=\"uagb-ifb-desc\">Ten\u00e9 en cuenta que todos los talleres incluyen materiales y horneadas, cuando terminas tu pieza te la llevas lista para disfrutar. <br>En efectivo ten\u00e9s un descuento del 20%.<br>Si est\u00e1s interesade pod\u00e9s acercarte a reservar tu lugar, (con el 50% del valor total) a nuestro espacio PATAGONES 221 en el horario de atenci\u00f3n al p\u00fablico: lunes a viernes de 10 a 20hs, s\u00e1bados de 10ha a 14hs y de 16 a 20hs. Tambi\u00e9n nos podes contactar a trav\u00e9s de instagram y whatssap para reservar tu lugar por transferencia.<br>No dudes en consultarnos!<br><\/p><\/div><\/div>\n<\/div>\n\n\n\n<div class=\"wp-block-uagb-column uagb-column__wrap uagb-column__background-undefined uagb-block-c6a1cbd2\"><div class=\"uagb-column__overlay\"><\/div>\n<figure data-wp-context=\"{&quot;imageId&quot;:&quot;69e226da882ae&quot;}\" data-wp-interactive=\"core\/image\" class=\"wp-block-image size-large wp-lightbox-container\"><img loading=\"lazy\" decoding=\"async\" width=\"1024\" height=\"724\" data-wp-class--hide=\"state.isContentHidden\" data-wp-class--show=\"state.isContentVisible\" data-wp-init=\"callbacks.setButtonStyles\" data-wp-on-async--click=\"actions.showLightbox\" data-wp-on-async--load=\"callbacks.setButtonStyles\" data-wp-on-async-window--resize=\"callbacks.setButtonStyles\" src=\"https:\/\/ceramicafractales.com\/wp-content\/uploads\/2024\/05\/LUNES-2-1-1024x724.png\" alt=\"\" class=\"wp-image-2532\" srcset=\"https:\/\/ceramicafractales.com\/wp-content\/uploads\/2024\/05\/LUNES-2-1-1024x724.png 1024w, https:\/\/ceramicafractales.com\/wp-content\/uploads\/2024\/05\/LUNES-2-1-300x212.png 300w, https:\/\/ceramicafractales.com\/wp-content\/uploads\/2024\/05\/LUNES-2-1-768x543.png 768w, https:\/\/ceramicafractales.com\/wp-content\/uploads\/2024\/05\/LUNES-2-1-1536x1086.png 1536w, https:\/\/ceramicafractales.com\/wp-content\/uploads\/2024\/05\/LUNES-2-1-2048x1448.png 2048w, https:\/\/ceramicafractales.com\/wp-content\/uploads\/2024\/05\/LUNES-2-1-1320x934.png 1320w, https:\/\/ceramicafractales.com\/wp-content\/uploads\/2024\/05\/LUNES-2-1-600x424.png 600w\" sizes=\"auto, (max-width: 1024px) 100vw, 1024px\" \/><button\n\t\t\tclass=\"lightbox-trigger\"\n\t\t\ttype=\"button\"\n\t\t\taria-haspopup=\"dialog\"\n\t\t\taria-label=\"Ampliar la imagen\"\n\t\t\tdata-wp-init=\"callbacks.initTriggerButton\"\n\t\t\tdata-wp-on-async--click=\"actions.showLightbox\"\n\t\t\tdata-wp-style--right=\"state.imageButtonRight\"\n\t\t\tdata-wp-style--top=\"state.imageButtonTop\"\n\t\t>\n\t\t\t<svg xmlns=\"http:\/\/www.w3.org\/2000\/svg\" width=\"12\" height=\"12\" fill=\"none\" viewBox=\"0 0 12 12\">\n\t\t\t\t<path fill=\"#fff\" d=\"M2 0a2 2 0 0 0-2 2v2h1.5V2a.5.5 0 0 1 .5-.5h2V0H2Zm2 10.5H2a.5.5 0 0 1-.5-.5V8H0v2a2 2 0 0 0 2 2h2v-1.5ZM8 12v-1.5h2a.5.5 0 0 0 .5-.5V8H12v2a2 2 0 0 1-2 2H8Zm2-12a2 2 0 0 1 2 2v2h-1.5V2a.5.5 0 0 0-.5-.5H8V0h2Z\" \/>\n\t\t\t<\/svg>\n\t\t<\/button><\/figure>\n<\/div>\n<\/div><\/section>\n<\/div><\/div>\n\n\n\n<div class=\"wp-block-uagb-container uagb-block-1217d724 alignfull uagb-is-root-container\"><div class=\"uagb-container-inner-blocks-wrap\"><\/div><\/div>\n\n\n\n<section class=\"wp-block-gb-for-slick-slider-slick-slider\" data-slick=\"{&quot;dots&quot;:false,&quot;arrows&quot;:true,&quot;slidesToShow&quot;:2,&quot;slidesToScroll&quot;:1,&quot;infinite&quot;:false,&quot;adaptiveHeight&quot;:false,&quot;autoplay&quot;:false,&quot;autoplaySpeed&quot;:1500,&quot;fade&quot;:false,&quot;speed&quot;:1000,&quot;centerMode&quot;:false,&quot;responsive&quot;: [{&quot;breakpoint&quot;:1024,&quot;settings&quot;:{&quot;slidesToShow&quot;:3,&quot;slidesToScroll&quot;:1,&quot;arrows&quot;:true,&quot;dots&quot;:true}},{&quot;breakpoint&quot;:768,&quot;settings&quot;:{&quot;slidesToShow&quot;:2,&quot;slidesToScroll&quot;:1,&quot;arrows&quot;:false,&quot;dots&quot;:true}},{&quot;breakpoint&quot;:600,&quot;settings&quot;:{&quot;slidesToShow&quot;:1,&quot;slidesToScroll&quot;:1,&quot;arrows&quot;:false,&quot;dots&quot;:true}},{&quot;breakpoint&quot;:480,&quot;settings&quot;:{&quot;slidesToShow&quot;:1,&quot;slidesToScroll&quot;:1,&quot;arrows&quot;:false,&quot;dots&quot;:true}}]}\"><\/section>\n","protected":false},"excerpt":{"rendered":"<p>TALLERES Hace mucho tiempo nos dedicamos a la ense\u00f1anza de este maravilloso material que es la cer\u00e1mica y lo hacemos con mucho amor. Te esperamos para compartir lo fascinante de la creaci\u00f3n y transformaci\u00f3n de la materia.<\/p>\n","protected":false},"author":1,"featured_media":0,"parent":0,"menu_order":0,"comment_status":"closed","ping_status":"closed","template":"","meta":{"_uag_custom_page_level_css":"","_monsterinsights_skip_tracking":false,"_monsterinsights_sitenote_active":false,"_monsterinsights_sitenote_note":"","_monsterinsights_sitenote_category":0,"site-sidebar-layout":"no-sidebar","site-content-layout":"plain-container","ast-site-content-layout":"normal-width-container","site-content-style":"unboxed","site-sidebar-style":"unboxed","ast-global-header-display":"","ast-banner-title-visibility":"","ast-main-header-display":"","ast-hfb-above-header-display":"","ast-hfb-below-header-display":"","ast-hfb-mobile-header-display":"","site-post-title":"disabled","ast-breadcrumbs-content":"","ast-featured-img":"","footer-sml-layout":"","theme-transparent-header-meta":"enabled","adv-header-id-meta":"","stick-header-meta":"","header-above-stick-meta":"","header-main-stick-meta":"","header-below-stick-meta":"","astra-migrate-meta-layouts":"set","footnotes":""},"class_list":["post-1992","page","type-page","status-publish","hentry"],"aioseo_notices":[],"jetpack_sharing_enabled":true,"uagb_featured_image_src":{"full":false,"thumbnail":false,"medium":false,"medium_large":false,"large":false,"rpg_gallery_admin_thumb":false,"rpg_gallery_thumb":false,"1536x1536":false,"2048x2048":false,"mailpoet_newsletter_max":false,"woocommerce_thumbnail":false,"woocommerce_single":false,"woocommerce_gallery_thumbnail":false},"uagb_author_info":{"display_name":"ceramicafractales-com.preview-domain.com","author_link":"https:\/\/ceramicafractales.com\/index.php\/author\/ceramicafractales-com\/"},"uagb_comment_info":0,"uagb_excerpt":"TALLERES Hace mucho tiempo nos dedicamos a la ense\u00f1anza de este maravilloso material que es la cer\u00e1mica y lo hacemos con mucho amor. Te esperamos para compartir lo fascinante de la creaci\u00f3n y transformaci\u00f3n de la materia.","_links":{"self":[{"href":"https:\/\/ceramicafractales.com\/index.php\/wp-json\/wp\/v2\/pages\/1992","targetHints":{"allow":["GET"]}}],"collection":[{"href":"https:\/\/ceramicafractales.com\/index.php\/wp-json\/wp\/v2\/pages"}],"about":[{"href":"https:\/\/ceramicafractales.com\/index.php\/wp-json\/wp\/v2\/types\/page"}],"author":[{"embeddable":true,"href":"https:\/\/ceramicafractales.com\/index.php\/wp-json\/wp\/v2\/users\/1"}],"replies":[{"embeddable":true,"href":"https:\/\/ceramicafractales.com\/index.php\/wp-json\/wp\/v2\/comments?post=1992"}],"version-history":[{"count":60,"href":"https:\/\/ceramicafractales.com\/index.php\/wp-json\/wp\/v2\/pages\/1992\/revisions"}],"predecessor-version":[{"id":3076,"href":"https:\/\/ceramicafractales.com\/index.php\/wp-json\/wp\/v2\/pages\/1992\/revisions\/3076"}],"wp:attachment":[{"href":"https:\/\/ceramicafractales.com\/index.php\/wp-json\/wp\/v2\/media?parent=1992"}],"curies":[{"name":"wp","href":"https:\/\/api.w.org\/{rel}","templated":true}]}}